{"id":6622,"date":"2021-05-24T14:08:43","date_gmt":"2021-05-24T14:08:43","guid":{"rendered":"https:\/\/www.cedem.me\/?page_id=6622"},"modified":"2021-05-27T12:05:31","modified_gmt":"2021-05-27T12:05:31","slug":"nasi-stazisti","status":"publish","type":"page","link":"https:\/\/www.cedem.me\/en\/nasi-stazisti\/","title":{"rendered":"Na\u0161i sta\u017eisti"},"content":{"rendered":"\t\t<div data-elementor-type=\"wp-page\" data-elementor-id=\"6622\" class=\"elementor elementor-6622\" data-elementor-post-type=\"page\">\n\t\t\t\t\t\t<section class=\"elementor-section elementor-top-section elementor-element elementor-element-f6ac642 elementor-section-boxed elementor-section-height-default elementor-section-height-default\" data-id=\"f6ac642\" data-element_type=\"section\" data-settings=\"{&quot;background_background&quot;:&quot;classic&quot;,&quot;ekit_has_onepagescroll_dot&quot;:&quot;yes&quot;}\">\n\t\t\t\t\t\t<div class=\"elementor-container elementor-column-gap-default\">\n\t\t\t\t\t<div class=\"elementor-column elementor-col-100 elementor-top-column elementor-element elementor-element-a6ffcbc\" data-id=\"a6ffcbc\" data-element_type=\"column\">\n\t\t\t<div class=\"elementor-widget-wrap elementor-element-populated\">\n\t\t\t\t\t\t<section class=\"elementor-section elementor-inner-section elementor-element elementor-element-e3bcbd6 elementor-section-boxed elementor-section-height-default elementor-section-height-default\" data-id=\"e3bcbd6\" data-element_type=\"section\" data-settings=\"{&quot;ekit_has_onepagescroll_dot&quot;:&quot;yes&quot;}\">\n\t\t\t\t\t\t<div class=\"elementor-container elementor-column-gap-default\">\n\t\t\t\t\t<div class=\"elementor-column elementor-col-100 elementor-inner-column elementor-element elementor-element-163f7ea\" data-id=\"163f7ea\" data-element_type=\"column\">\n\t\t\t<div class=\"elementor-widget-wrap elementor-element-populated\">\n\t\t\t\t\t\t<div class=\"elementor-element elementor-element-3c0ac79 elementor-widget elementor-widget-elementskit-heading\" data-id=\"3c0ac79\" data-element_type=\"widget\" data-settings=\"{&quot;ekit_we_effect_on&quot;:&quot;none&quot;}\" data-widget_type=\"elementskit-heading.default\">\n\t\t\t\t<div class=\"elementor-widget-container\">\n\t\t\t<div class=\"ekit-wid-con\" ><div class=\"ekit-heading elementskit-section-title-wraper text_center   ekit_heading_tablet-   ekit_heading_mobile-\"><h3 class=\"elementskit-section-subtitle  \">\n\t\t\t\t\t\tPogledajte\n\t\t\t\t\t<\/h3><h2 class=\"ekit-heading--title elementskit-section-title \">Na\u0161i sta\u017eisti<\/h2><\/div><\/div>\t\t<\/div>\n\t\t\t\t<\/div>\n\t\t\t\t\t<\/div>\n\t\t<\/div>\n\t\t\t\t\t<\/div>\n\t\t<\/section>\n\t\t\t\t<section class=\"elementor-section elementor-inner-section elementor-element elementor-element-442e28d elementor-section-boxed elementor-section-height-default elementor-section-height-default\" data-id=\"442e28d\" data-element_type=\"section\" data-settings=\"{&quot;ekit_has_onepagescroll_dot&quot;:&quot;yes&quot;}\">\n\t\t\t\t\t\t<div class=\"elementor-container elementor-column-gap-default\">\n\t\t\t\t\t<div class=\"elementor-column elementor-col-50 elementor-inner-column elementor-element elementor-element-ee083f2\" data-id=\"ee083f2\" data-element_type=\"column\">\n\t\t\t<div class=\"elementor-widget-wrap elementor-element-populated\">\n\t\t\t\t\t\t<div class=\"elementor-element elementor-element-6338db9 elementor-widget elementor-widget-text-editor\" data-id=\"6338db9\" data-element_type=\"widget\" data-settings=\"{&quot;ekit_we_effect_on&quot;:&quot;none&quot;}\" data-widget_type=\"text-editor.default\">\n\t\t\t\t<div class=\"elementor-widget-container\">\n\t\t\t\t\t\t\t<p><strong>Ivona Kalu\u0111erovi\u0107<\/strong>,\u00a0Crna Gora; 15. januar 2020. &#8211; 15. oktobar 2020.<\/p><p><strong>Andrea Stani\u0161i\u0107<\/strong>, Crna Gora; 15. januar 2017. &#8211; 15. oktobar 2018.<\/p><p><strong>Dijana Deli\u0107<\/strong>, Crna Gora; 15. januar 2017. &#8211;\u00a015. oktobar 2018.<\/p><p><strong>Tijana Simonovi\u0107,<\/strong>Crna Gora; 19. septembar 2016 &#8211; 01. novembar 2016.<\/p><p><strong>Mina Crnogorac,\u00a0<\/strong>Crna Gora; 16. maj 2016 &#8211; 29. jul 2016.<\/p><p><strong>Kristian Kurjenoja,\u00a0<\/strong>Meksiko; 13. jun 2016 &#8211; 29. jul 2016.<\/p><p><strong>Marina Tomovi\u0107,\u00a0<\/strong>Crna Gora; 15. januar 2016 &#8211; 01. jun 2016.<\/p><p><strong>Ogn<\/strong><strong>jen Ma<\/strong><strong>rkovi\u0107,<\/strong>\u00a0Crna Gora; 01. septembar 2015 &#8211; 25. januar 2016.<\/p><p><strong>Andrijana Ma\u0161anovi\u0107<\/strong>, Crna Gora; 15.januar 2015. &#8211; 15. septembar 2015. (pripravnica)<\/p><p><strong>Mindy Harrell<\/strong>, Sjedinjene Ameri\u010dke Dr\u017eave; 02. septembar 2013 &#8211; 20. decembar 2013.\u00a0<\/p><p><strong>Elvis Beri\u0161a,\u00a0<\/strong>Crna Gora; 03. jun 2013 &#8211; 1. mart 2014.<\/p>\t\t\t\t\t\t<\/div>\n\t\t\t\t<\/div>\n\t\t\t\t\t<\/div>\n\t\t<\/div>\n\t\t\t\t<div class=\"elementor-column elementor-col-50 elementor-inner-column elementor-element elementor-element-616183d\" data-id=\"616183d\" data-element_type=\"column\">\n\t\t\t<div class=\"elementor-widget-wrap elementor-element-populated\">\n\t\t\t\t\t\t<div class=\"elementor-element elementor-element-1bc7ce3 elementor-widget elementor-widget-text-editor\" data-id=\"1bc7ce3\" data-element_type=\"widget\" data-settings=\"{&quot;ekit_we_effect_on&quot;:&quot;none&quot;}\" data-widget_type=\"text-editor.default\">\n\t\t\t\t<div class=\"elementor-widget-container\">\n\t\t\t\t\t\t\t<p>\u00a0<strong>Fabien Segnarbieux,\u00a0<\/strong>Francuska; 03. jun 2013 &#8211; 02. avgust 2013.\u00a0<\/p><p><strong>Stefana Mugo\u0161a,\u00a0<\/strong>Crna Gora; 01. april 2013 &#8211; 01. jun 2013.\u00a0<\/p><p><strong>Irena Marunovi\u0107,\u00a0<\/strong>Crna Gora; 01. februar 2013 &#8211; 01. maj 2013.<\/p><p><strong>Dra\u0161ko Vlahovi\u0107,\u00a0<\/strong>Crna Gora; 01. oktobar 2012 &#8211; 31. decembar 2012.<\/p><p><strong>Asaf Adrovi\u0107<\/strong>, Crna Gora; 01. oktobar 2012 &#8211; 31. decembar 2012.<\/p><p><strong>Emina Husovi\u0107,\u00a0<\/strong>Bosna i Hercegovina, 18. jun 2012 &#8211; 03. avgust 2012.<\/p><p><strong>Darka Kosti\u0107,\u00a0<\/strong>Crna Gora; 01. april 2012 &#8211; 01. jun 2012.\u00a0<\/p><p><strong>Marina Grba<\/strong>, Crna Gora; 15. maj 2011 &#8211; 15. jul 2011.<\/p><p><strong>Laura Trimajova<\/strong>, Slova\u010dka; 21. jun 2010 \u2013\u00a0 26. jul 2010.<\/p><p><strong>Emir Kala\u010d<\/strong>, Crna Gora; 1. maj 2010 \u2013 1. decembar 2010.<\/p><p><strong>Tianna Cariedo<\/strong>, Sjedinjene Ameri\u010dke Dr\u017eave; 15. septembar 2010 &#8211; 15. decembar 2010.<\/p>\t\t\t\t\t\t<\/div>\n\t\t\t\t<\/div>\n\t\t\t\t\t<\/div>\n\t\t<\/div>\n\t\t\t\t\t<\/div>\n\t\t<\/section>\n\t\t\t\t\t<\/div>\n\t\t<\/div>\n\t\t\t\t\t<\/div>\n\t\t<\/section>\n\t\t\t\t<\/div>\n\t\t","protected":false},"excerpt":{"rendered":"<p>Pogledajte Na\u0161i sta\u017eisti Ivona Kalu\u0111erovi\u0107,&nbsp;Crna Gora; 15. januar 2020. &#8211; 15. oktobar 2020. Andrea Stani\u0161i\u0107, Crna Gora; 15. januar 2017. &#8211; 15. oktobar 2018. Dijana Deli\u0107, Crna Gora; 15. januar 2017. &#8211;&nbsp;15. oktobar 2018. Tijana Simonovi\u0107,Crna Gora; 19. septembar 2016 &#8211; 01. novembar 2016. Mina Crnogorac,&nbsp;Crna Gora; 16. maj 2016 &#8211; 29. jul 2016. Kristian [&hellip;]<\/p>\n","protected":false},"author":1,"featured_media":0,"parent":0,"menu_order":0,"comment_status":"closed","ping_status":"closed","template":"template\/full-width-template.php","meta":{"_acf_changed":false,"footnotes":""},"class_list":["post-6622","page","type-page","status-publish","hentry"],"acf":[],"yoast_head":"<!-- This site is optimized with the Yoast SEO plugin v23.9 - https:\/\/yoast.com\/wordpress\/plugins\/seo\/ -->\n<title>Na\u0161i sta\u017eisti - CEDEM<\/title>\n<meta name=\"robots\" content=\"index, follow, max-snippet:-1, max-image-preview:large, max-video-preview:-1\" \/>\n<link rel=\"canonical\" href=\"https:\/\/www.cedem.me\/en\/nasi-stazisti\/\" \/>\n<meta property=\"og:locale\" content=\"en_US\" \/>\n<meta property=\"og:type\" content=\"article\" \/>\n<meta property=\"og:title\" content=\"Na\u0161i sta\u017eisti - CEDEM\" \/>\n<meta property=\"og:description\" content=\"Pogledajte Na\u0161i sta\u017eisti Ivona Kalu\u0111erovi\u0107,&nbsp;Crna Gora; 15. januar 2020. &#8211; 15. oktobar 2020. Andrea Stani\u0161i\u0107, Crna Gora; 15. januar 2017. &#8211; 15. oktobar 2018. Dijana Deli\u0107, Crna Gora; 15. januar 2017. &#8211;&nbsp;15. oktobar 2018. Tijana Simonovi\u0107,Crna Gora; 19. septembar 2016 &#8211; 01. novembar 2016. Mina Crnogorac,&nbsp;Crna Gora; 16. maj 2016 &#8211; 29. jul 2016. Kristian [&hellip;]\" \/>\n<meta property=\"og:url\" content=\"https:\/\/www.cedem.me\/en\/nasi-stazisti\/\" \/>\n<meta property=\"og:site_name\" content=\"CEDEM\" \/>\n<meta property=\"article:modified_time\" content=\"2021-05-27T12:05:31+00:00\" \/>\n<meta name=\"twitter:card\" content=\"summary_large_image\" \/>\n<meta name=\"twitter:label1\" content=\"Est. reading time\" \/>\n\t<meta name=\"twitter:data1\" content=\"1 minute\" \/>\n<script type=\"application\/ld+json\" class=\"yoast-schema-graph\">{\"@context\":\"https:\/\/schema.org\",\"@graph\":[{\"@type\":\"WebPage\",\"@id\":\"https:\/\/www.cedem.me\/en\/nasi-stazisti\/\",\"url\":\"https:\/\/www.cedem.me\/en\/nasi-stazisti\/\",\"name\":\"Na\u0161i sta\u017eisti - CEDEM\",\"isPartOf\":{\"@id\":\"https:\/\/www.cedem.me\/#website\"},\"datePublished\":\"2021-05-24T14:08:43+00:00\",\"dateModified\":\"2021-05-27T12:05:31+00:00\",\"breadcrumb\":{\"@id\":\"https:\/\/www.cedem.me\/en\/nasi-stazisti\/#breadcrumb\"},\"inLanguage\":\"en-US\",\"potentialAction\":[{\"@type\":\"ReadAction\",\"target\":[\"https:\/\/www.cedem.me\/en\/nasi-stazisti\/\"]}]},{\"@type\":\"BreadcrumbList\",\"@id\":\"https:\/\/www.cedem.me\/en\/nasi-stazisti\/#breadcrumb\",\"itemListElement\":[{\"@type\":\"ListItem\",\"position\":1,\"name\":\"Home\",\"item\":\"https:\/\/www.cedem.me\/en\/\"},{\"@type\":\"ListItem\",\"position\":2,\"name\":\"Na\u0161i sta\u017eisti\"}]},{\"@type\":\"WebSite\",\"@id\":\"https:\/\/www.cedem.me\/#website\",\"url\":\"https:\/\/www.cedem.me\/\",\"name\":\"CEDEM\",\"description\":\"NVO\",\"publisher\":{\"@id\":\"https:\/\/www.cedem.me\/#organization\"},\"potentialAction\":[{\"@type\":\"SearchAction\",\"target\":{\"@type\":\"EntryPoint\",\"urlTemplate\":\"https:\/\/www.cedem.me\/?s={search_term_string}\"},\"query-input\":{\"@type\":\"PropertyValueSpecification\",\"valueRequired\":true,\"valueName\":\"search_term_string\"}}],\"inLanguage\":\"en-US\"},{\"@type\":\"Organization\",\"@id\":\"https:\/\/www.cedem.me\/#organization\",\"name\":\"CEDEM\",\"url\":\"https:\/\/www.cedem.me\/\",\"logo\":{\"@type\":\"ImageObject\",\"inLanguage\":\"en-US\",\"@id\":\"https:\/\/www.cedem.me\/#\/schema\/logo\/image\/\",\"url\":\"https:\/\/www.cedem.me\/wp-content\/uploads\/2022\/08\/CEDEM-logo-color-e1677500681828.png\",\"contentUrl\":\"https:\/\/www.cedem.me\/wp-content\/uploads\/2022\/08\/CEDEM-logo-color-e1677500681828.png\",\"width\":2000,\"height\":741,\"caption\":\"CEDEM\"},\"image\":{\"@id\":\"https:\/\/www.cedem.me\/#\/schema\/logo\/image\/\"}}]}<\/script>\n<!-- \/ Yoast SEO plugin. -->","yoast_head_json":{"title":"Na\u0161i sta\u017eisti - CEDEM","robots":{"index":"index","follow":"follow","max-snippet":"max-snippet:-1","max-image-preview":"max-image-preview:large","max-video-preview":"max-video-preview:-1"},"canonical":"https:\/\/www.cedem.me\/en\/nasi-stazisti\/","og_locale":"en_US","og_type":"article","og_title":"Na\u0161i sta\u017eisti - CEDEM","og_description":"Pogledajte Na\u0161i sta\u017eisti Ivona Kalu\u0111erovi\u0107,&nbsp;Crna Gora; 15. januar 2020. &#8211; 15. oktobar 2020. Andrea Stani\u0161i\u0107, Crna Gora; 15. januar 2017. &#8211; 15. oktobar 2018. Dijana Deli\u0107, Crna Gora; 15. januar 2017. &#8211;&nbsp;15. oktobar 2018. Tijana Simonovi\u0107,Crna Gora; 19. septembar 2016 &#8211; 01. novembar 2016. Mina Crnogorac,&nbsp;Crna Gora; 16. maj 2016 &#8211; 29. jul 2016. Kristian [&hellip;]","og_url":"https:\/\/www.cedem.me\/en\/nasi-stazisti\/","og_site_name":"CEDEM","article_modified_time":"2021-05-27T12:05:31+00:00","twitter_card":"summary_large_image","twitter_misc":{"Est. reading time":"1 minute"},"schema":{"@context":"https:\/\/schema.org","@graph":[{"@type":"WebPage","@id":"https:\/\/www.cedem.me\/en\/nasi-stazisti\/","url":"https:\/\/www.cedem.me\/en\/nasi-stazisti\/","name":"Na\u0161i sta\u017eisti - CEDEM","isPartOf":{"@id":"https:\/\/www.cedem.me\/#website"},"datePublished":"2021-05-24T14:08:43+00:00","dateModified":"2021-05-27T12:05:31+00:00","breadcrumb":{"@id":"https:\/\/www.cedem.me\/en\/nasi-stazisti\/#breadcrumb"},"inLanguage":"en-US","potentialAction":[{"@type":"ReadAction","target":["https:\/\/www.cedem.me\/en\/nasi-stazisti\/"]}]},{"@type":"BreadcrumbList","@id":"https:\/\/www.cedem.me\/en\/nasi-stazisti\/#breadcrumb","itemListElement":[{"@type":"ListItem","position":1,"name":"Home","item":"https:\/\/www.cedem.me\/en\/"},{"@type":"ListItem","position":2,"name":"Na\u0161i sta\u017eisti"}]},{"@type":"WebSite","@id":"https:\/\/www.cedem.me\/#website","url":"https:\/\/www.cedem.me\/","name":"CEDEM","description":"NVO","publisher":{"@id":"https:\/\/www.cedem.me\/#organization"},"potentialAction":[{"@type":"SearchAction","target":{"@type":"EntryPoint","urlTemplate":"https:\/\/www.cedem.me\/?s={search_term_string}"},"query-input":{"@type":"PropertyValueSpecification","valueRequired":true,"valueName":"search_term_string"}}],"inLanguage":"en-US"},{"@type":"Organization","@id":"https:\/\/www.cedem.me\/#organization","name":"CEDEM","url":"https:\/\/www.cedem.me\/","logo":{"@type":"ImageObject","inLanguage":"en-US","@id":"https:\/\/www.cedem.me\/#\/schema\/logo\/image\/","url":"https:\/\/www.cedem.me\/wp-content\/uploads\/2022\/08\/CEDEM-logo-color-e1677500681828.png","contentUrl":"https:\/\/www.cedem.me\/wp-content\/uploads\/2022\/08\/CEDEM-logo-color-e1677500681828.png","width":2000,"height":741,"caption":"CEDEM"},"image":{"@id":"https:\/\/www.cedem.me\/#\/schema\/logo\/image\/"}}]}},"_links":{"self":[{"href":"https:\/\/www.cedem.me\/en\/wp-json\/wp\/v2\/pages\/6622","targetHints":{"allow":["GET"]}}],"collection":[{"href":"https:\/\/www.cedem.me\/en\/wp-json\/wp\/v2\/pages"}],"about":[{"href":"https:\/\/www.cedem.me\/en\/wp-json\/wp\/v2\/types\/page"}],"author":[{"embeddable":true,"href":"https:\/\/www.cedem.me\/en\/wp-json\/wp\/v2\/users\/1"}],"replies":[{"embeddable":true,"href":"https:\/\/www.cedem.me\/en\/wp-json\/wp\/v2\/comments?post=6622"}],"version-history":[{"count":9,"href":"https:\/\/www.cedem.me\/en\/wp-json\/wp\/v2\/pages\/6622\/revisions"}],"predecessor-version":[{"id":7042,"href":"https:\/\/www.cedem.me\/en\/wp-json\/wp\/v2\/pages\/6622\/revisions\/7042"}],"wp:attachment":[{"href":"https:\/\/www.cedem.me\/en\/wp-json\/wp\/v2\/media?parent=6622"}],"curies":[{"name":"wp","href":"https:\/\/api.w.org\/{rel}","templated":true}]}}