{"id":6534,"date":"2021-05-24T12:53:38","date_gmt":"2021-05-24T12:53:38","guid":{"rendered":"https:\/\/www.cedem.me\/?page_id=6534"},"modified":"2021-05-27T12:03:54","modified_gmt":"2021-05-27T12:03:54","slug":"galerija","status":"publish","type":"page","link":"https:\/\/www.cedem.me\/en\/galerija\/","title":{"rendered":"Galerija"},"content":{"rendered":"\t\t<div data-elementor-type=\"wp-page\" data-elementor-id=\"6534\" class=\"elementor elementor-6534\" data-elementor-post-type=\"page\">\n\t\t\t\t\t\t<section class=\"elementor-section elementor-top-section elementor-element elementor-element-6330984 elementor-section-boxed elementor-section-height-default elementor-section-height-default\" data-id=\"6330984\" data-element_type=\"section\" data-settings=\"{&quot;ekit_has_onepagescroll_dot&quot;:&quot;yes&quot;}\">\n\t\t\t\t\t\t<div class=\"elementor-container elementor-column-gap-default\">\n\t\t\t\t\t<div class=\"elementor-column elementor-col-100 elementor-top-column elementor-element elementor-element-a1bdbb9\" data-id=\"a1bdbb9\" data-element_type=\"column\">\n\t\t\t<div class=\"elementor-widget-wrap elementor-element-populated\">\n\t\t\t\t\t\t<section class=\"elementor-section elementor-inner-section elementor-element elementor-element-ad7f72d elementor-section-boxed elementor-section-height-default elementor-section-height-default\" data-id=\"ad7f72d\" data-element_type=\"section\" data-settings=\"{&quot;ekit_has_onepagescroll_dot&quot;:&quot;yes&quot;}\">\n\t\t\t\t\t\t<div class=\"elementor-container elementor-column-gap-default\">\n\t\t\t\t\t<div class=\"elementor-column elementor-col-100 elementor-inner-column elementor-element elementor-element-21dc005\" data-id=\"21dc005\" data-element_type=\"column\">\n\t\t\t<div class=\"elementor-widget-wrap elementor-element-populated\">\n\t\t\t\t\t\t<div class=\"elementor-element elementor-element-fd077ce elementor-widget elementor-widget-elementskit-heading\" data-id=\"fd077ce\" data-element_type=\"widget\" data-settings=\"{&quot;ekit_we_effect_on&quot;:&quot;none&quot;}\" data-widget_type=\"elementskit-heading.default\">\n\t\t\t\t<div class=\"elementor-widget-container\">\n\t\t\t<div class=\"ekit-wid-con\" ><div class=\"ekit-heading elementskit-section-title-wraper text_center   ekit_heading_tablet-   ekit_heading_mobile-\"><h2 class=\"ekit-heading--title elementskit-section-title \">Galerija<\/h2><\/div><\/div>\t\t<\/div>\n\t\t\t\t<\/div>\n\t\t\t\t\t<\/div>\n\t\t<\/div>\n\t\t\t\t\t<\/div>\n\t\t<\/section>\n\t\t\t\t\t<\/div>\n\t\t<\/div>\n\t\t\t\t\t<\/div>\n\t\t<\/section>\n\t\t\t\t<section class=\"elementor-section elementor-top-section elementor-element elementor-element-a53b00f elementor-section-boxed elementor-section-height-default elementor-section-height-default\" data-id=\"a53b00f\" data-element_type=\"section\" data-settings=\"{&quot;ekit_has_onepagescroll_dot&quot;:&quot;yes&quot;}\">\n\t\t\t\t\t\t<div class=\"elementor-container elementor-column-gap-wider\">\n\t\t\t\t\t<div class=\"elementor-column elementor-col-50 elementor-top-column elementor-element elementor-element-aabb63e\" data-id=\"aabb63e\" data-element_type=\"column\">\n\t\t\t<div class=\"elementor-widget-wrap elementor-element-populated\">\n\t\t\t\t\t\t<div class=\"elementor-element elementor-element-795938d elementor-widget elementor-widget-text-editor\" data-id=\"795938d\" data-element_type=\"widget\" data-settings=\"{&quot;ekit_we_effect_on&quot;:&quot;none&quot;}\" data-widget_type=\"text-editor.default\">\n\t\t\t\t<div class=\"elementor-widget-container\">\n\t\t\t\t\t\t\t<h4 class=\"displayname\">Zavr\u0161na konferencija u okviru projekta: &#8220;Osna\u017eivanje stru\u010dnih kapaciteta za borbu protiv diskriminacije lica sa invaliditetom&#8221; (PR centar, 18.12.2019)<\/h4>\t\t\t\t\t\t<\/div>\n\t\t\t\t<\/div>\n\t\t\t\t<div class=\"elementor-element elementor-element-0361fd2 elementor-widget elementor-widget-gallery\" data-id=\"0361fd2\" data-element_type=\"widget\" data-settings=\"{&quot;gallery_layout&quot;:&quot;justified&quot;,&quot;lazyload&quot;:&quot;yes&quot;,&quot;ideal_row_height&quot;:{&quot;unit&quot;:&quot;px&quot;,&quot;size&quot;:200,&quot;sizes&quot;:[]},&quot;ideal_row_height_tablet&quot;:{&quot;unit&quot;:&quot;px&quot;,&quot;size&quot;:150,&quot;sizes&quot;:[]},&quot;ideal_row_height_mobile&quot;:{&quot;unit&quot;:&quot;px&quot;,&quot;size&quot;:150,&quot;sizes&quot;:[]},&quot;gap&quot;:{&quot;unit&quot;:&quot;px&quot;,&quot;size&quot;:10,&quot;sizes&quot;:[]},&quot;gap_tablet&quot;:{&quot;unit&quot;:&quot;px&quot;,&quot;size&quot;:10,&quot;sizes&quot;:[]},&quot;gap_mobile&quot;:{&quot;unit&quot;:&quot;px&quot;,&quot;size&quot;:10,&quot;sizes&quot;:[]},&quot;link_to&quot;:&quot;file&quot;,&quot;overlay_background&quot;:&quot;yes&quot;,&quot;content_hover_animation&quot;:&quot;fade-in&quot;,&quot;ekit_we_effect_on&quot;:&quot;none&quot;}\" data-widget_type=\"gallery.default\">\n\t\t\t\t<div class=\"elementor-widget-container\">\n\t\t\t\t\t<div class=\"elementor-gallery__container\">\n\t\t\t\t\t\t\t<a class=\"e-gallery-item elementor-gallery-item elementor-animated-content\" href=\"https:\/\/www.cedem.me\/wp-content\/uploads\/2021\/05\/image.jpg\" data-elementor-open-lightbox=\"yes\" data-elementor-lightbox-slideshow=\"0361fd2\" data-elementor-lightbox-title=\"image\" data-e-action-hash=\"#elementor-action%3Aaction%3Dlightbox%26settings%3DeyJpZCI6NjU0OCwidXJsIjoiaHR0cHM6XC9cL3d3dy5jZWRlbS5tZVwvd3AtY29udGVudFwvdXBsb2Fkc1wvMjAyMVwvMDVcL2ltYWdlLmpwZyIsInNsaWRlc2hvdyI6IjAzNjFmZDIifQ%3D%3D\">\n\t\t\t\t\t<div class=\"e-gallery-image elementor-gallery-item__image\" data-thumbnail=\"https:\/\/www.cedem.me\/wp-content\/uploads\/2021\/05\/image-1024x584.jpg\" data-width=\"800\" data-height=\"456\" aria-label=\"\" role=\"img\" ><\/div>\n\t\t\t\t\t\t\t\t\t\t\t<div class=\"elementor-gallery-item__overlay\"><\/div>\n\t\t\t\t\t\t\t\t\t\t\t\t\t\t<\/a>\n\t\t\t\t\t\t\t<a class=\"e-gallery-item elementor-gallery-item elementor-animated-content\" href=\"https:\/\/www.cedem.me\/wp-content\/uploads\/2021\/05\/image2.jpg\" data-elementor-open-lightbox=\"yes\" data-elementor-lightbox-slideshow=\"0361fd2\" data-elementor-lightbox-title=\"image2\" data-e-action-hash=\"#elementor-action%3Aaction%3Dlightbox%26settings%3DeyJpZCI6NjU0MywidXJsIjoiaHR0cHM6XC9cL3d3dy5jZWRlbS5tZVwvd3AtY29udGVudFwvdXBsb2Fkc1wvMjAyMVwvMDVcL2ltYWdlMi5qcGciLCJzbGlkZXNob3ciOiIwMzYxZmQyIn0%3D\">\n\t\t\t\t\t<div class=\"e-gallery-image elementor-gallery-item__image\" data-thumbnail=\"https:\/\/www.cedem.me\/wp-content\/uploads\/2021\/05\/image2-1024x683.jpg\" data-width=\"800\" data-height=\"534\" aria-label=\"\" role=\"img\" ><\/div>\n\t\t\t\t\t\t\t\t\t\t\t<div class=\"elementor-gallery-item__overlay\"><\/div>\n\t\t\t\t\t\t\t\t\t\t\t\t\t\t<\/a>\n\t\t\t\t\t\t\t<a class=\"e-gallery-item elementor-gallery-item elementor-animated-content\" href=\"https:\/\/www.cedem.me\/wp-content\/uploads\/2021\/05\/image6.jpg\" data-elementor-open-lightbox=\"yes\" data-elementor-lightbox-slideshow=\"0361fd2\" data-elementor-lightbox-title=\"image6\" data-e-action-hash=\"#elementor-action%3Aaction%3Dlightbox%26settings%3DeyJpZCI6NjU0NywidXJsIjoiaHR0cHM6XC9cL3d3dy5jZWRlbS5tZVwvd3AtY29udGVudFwvdXBsb2Fkc1wvMjAyMVwvMDVcL2ltYWdlNi5qcGciLCJzbGlkZXNob3ciOiIwMzYxZmQyIn0%3D\">\n\t\t\t\t\t<div class=\"e-gallery-image elementor-gallery-item__image\" data-thumbnail=\"https:\/\/www.cedem.me\/wp-content\/uploads\/2021\/05\/image6-1024x683.jpg\" data-width=\"800\" data-height=\"534\" aria-label=\"\" role=\"img\" ><\/div>\n\t\t\t\t\t\t\t\t\t\t\t<div class=\"elementor-gallery-item__overlay\"><\/div>\n\t\t\t\t\t\t\t\t\t\t\t\t\t\t<\/a>\n\t\t\t\t\t\t\t<a class=\"e-gallery-item elementor-gallery-item elementor-animated-content\" href=\"https:\/\/www.cedem.me\/wp-content\/uploads\/2021\/05\/image5.jpg\" data-elementor-open-lightbox=\"yes\" data-elementor-lightbox-slideshow=\"0361fd2\" data-elementor-lightbox-title=\"image5\" data-e-action-hash=\"#elementor-action%3Aaction%3Dlightbox%26settings%3DeyJpZCI6NjU0NiwidXJsIjoiaHR0cHM6XC9cL3d3dy5jZWRlbS5tZVwvd3AtY29udGVudFwvdXBsb2Fkc1wvMjAyMVwvMDVcL2ltYWdlNS5qcGciLCJzbGlkZXNob3ciOiIwMzYxZmQyIn0%3D\">\n\t\t\t\t\t<div class=\"e-gallery-image elementor-gallery-item__image\" data-thumbnail=\"https:\/\/www.cedem.me\/wp-content\/uploads\/2021\/05\/image5-1024x683.jpg\" data-width=\"800\" data-height=\"534\" aria-label=\"\" role=\"img\" ><\/div>\n\t\t\t\t\t\t\t\t\t\t\t<div class=\"elementor-gallery-item__overlay\"><\/div>\n\t\t\t\t\t\t\t\t\t\t\t\t\t\t<\/a>\n\t\t\t\t\t\t\t<a class=\"e-gallery-item elementor-gallery-item elementor-animated-content\" href=\"https:\/\/www.cedem.me\/wp-content\/uploads\/2021\/05\/image4.jpg\" data-elementor-open-lightbox=\"yes\" data-elementor-lightbox-slideshow=\"0361fd2\" data-elementor-lightbox-title=\"image4\" data-e-action-hash=\"#elementor-action%3Aaction%3Dlightbox%26settings%3DeyJpZCI6NjU0NSwidXJsIjoiaHR0cHM6XC9cL3d3dy5jZWRlbS5tZVwvd3AtY29udGVudFwvdXBsb2Fkc1wvMjAyMVwvMDVcL2ltYWdlNC5qcGciLCJzbGlkZXNob3ciOiIwMzYxZmQyIn0%3D\">\n\t\t\t\t\t<div class=\"e-gallery-image elementor-gallery-item__image\" data-thumbnail=\"https:\/\/www.cedem.me\/wp-content\/uploads\/2021\/05\/image4-1024x683.jpg\" data-width=\"800\" data-height=\"534\" aria-label=\"\" role=\"img\" ><\/div>\n\t\t\t\t\t\t\t\t\t\t\t<div class=\"elementor-gallery-item__overlay\"><\/div>\n\t\t\t\t\t\t\t\t\t\t\t\t\t\t<\/a>\n\t\t\t\t\t\t\t<a class=\"e-gallery-item elementor-gallery-item elementor-animated-content\" href=\"https:\/\/www.cedem.me\/wp-content\/uploads\/2021\/05\/image3.jpg\" data-elementor-open-lightbox=\"yes\" data-elementor-lightbox-slideshow=\"0361fd2\" data-elementor-lightbox-title=\"image3\" data-e-action-hash=\"#elementor-action%3Aaction%3Dlightbox%26settings%3DeyJpZCI6NjU0NCwidXJsIjoiaHR0cHM6XC9cL3d3dy5jZWRlbS5tZVwvd3AtY29udGVudFwvdXBsb2Fkc1wvMjAyMVwvMDVcL2ltYWdlMy5qcGciLCJzbGlkZXNob3ciOiIwMzYxZmQyIn0%3D\">\n\t\t\t\t\t<div class=\"e-gallery-image elementor-gallery-item__image\" data-thumbnail=\"https:\/\/www.cedem.me\/wp-content\/uploads\/2021\/05\/image3-1024x683.jpg\" data-width=\"800\" data-height=\"534\" aria-label=\"\" role=\"img\" ><\/div>\n\t\t\t\t\t\t\t\t\t\t\t<div class=\"elementor-gallery-item__overlay\"><\/div>\n\t\t\t\t\t\t\t\t\t\t\t\t\t\t<\/a>\n\t\t\t\t\t<\/div>\n\t\t\t<\/div>\n\t\t\t\t<\/div>\n\t\t\t\t\t<\/div>\n\t\t<\/div>\n\t\t\t\t<div class=\"elementor-column elementor-col-50 elementor-top-column elementor-element elementor-element-7e4f729\" data-id=\"7e4f729\" data-element_type=\"column\">\n\t\t\t<div class=\"elementor-widget-wrap elementor-element-populated\">\n\t\t\t\t\t\t<div class=\"elementor-element elementor-element-66bef4f elementor-widget elementor-widget-text-editor\" data-id=\"66bef4f\" data-element_type=\"widget\" data-settings=\"{&quot;ekit_we_effect_on&quot;:&quot;none&quot;}\" data-widget_type=\"text-editor.default\">\n\t\t\t\t<div class=\"elementor-widget-container\">\n\t\t\t\t\t\t\t<h4 class=\"displayname\">Odr\u017eana zavr\u0161na konferencija projekta &#8220;Zauzmimo stav za budu\u0107e perspektive: savez mladih i NATO-a&#8221; (PR Centar, 25.11.2019.)<\/h4>\t\t\t\t\t\t<\/div>\n\t\t\t\t<\/div>\n\t\t\t\t<div class=\"elementor-element elementor-element-c3382c7 elementor-widget elementor-widget-gallery\" data-id=\"c3382c7\" data-element_type=\"widget\" data-settings=\"{&quot;gallery_layout&quot;:&quot;justified&quot;,&quot;ideal_row_height&quot;:{&quot;unit&quot;:&quot;px&quot;,&quot;size&quot;:177,&quot;sizes&quot;:[]},&quot;gap&quot;:{&quot;unit&quot;:&quot;px&quot;,&quot;size&quot;:7,&quot;sizes&quot;:[]},&quot;lazyload&quot;:&quot;yes&quot;,&quot;ideal_row_height_tablet&quot;:{&quot;unit&quot;:&quot;px&quot;,&quot;size&quot;:150,&quot;sizes&quot;:[]},&quot;ideal_row_height_mobile&quot;:{&quot;unit&quot;:&quot;px&quot;,&quot;size&quot;:150,&quot;sizes&quot;:[]},&quot;gap_tablet&quot;:{&quot;unit&quot;:&quot;px&quot;,&quot;size&quot;:10,&quot;sizes&quot;:[]},&quot;gap_mobile&quot;:{&quot;unit&quot;:&quot;px&quot;,&quot;size&quot;:10,&quot;sizes&quot;:[]},&quot;link_to&quot;:&quot;file&quot;,&quot;overlay_background&quot;:&quot;yes&quot;,&quot;content_hover_animation&quot;:&quot;fade-in&quot;,&quot;ekit_we_effect_on&quot;:&quot;none&quot;}\" data-widget_type=\"gallery.default\">\n\t\t\t\t<div class=\"elementor-widget-container\">\n\t\t\t\t\t<div class=\"elementor-gallery__container\">\n\t\t\t\t\t\t\t<a class=\"e-gallery-item elementor-gallery-item elementor-animated-content\" href=\"https:\/\/www.cedem.me\/wp-content\/uploads\/2021\/05\/image4-1.jpg\" data-elementor-open-lightbox=\"yes\" data-elementor-lightbox-slideshow=\"c3382c7\" data-elementor-lightbox-title=\"image4\" data-e-action-hash=\"#elementor-action%3Aaction%3Dlightbox%26settings%3DeyJpZCI6NjU2MiwidXJsIjoiaHR0cHM6XC9cL3d3dy5jZWRlbS5tZVwvd3AtY29udGVudFwvdXBsb2Fkc1wvMjAyMVwvMDVcL2ltYWdlNC0xLmpwZyIsInNsaWRlc2hvdyI6ImMzMzgyYzcifQ%3D%3D\">\n\t\t\t\t\t<div class=\"e-gallery-image elementor-gallery-item__image\" data-thumbnail=\"https:\/\/www.cedem.me\/wp-content\/uploads\/2021\/05\/image4-1.jpg\" data-width=\"800\" data-height=\"533\" aria-label=\"\" role=\"img\" ><\/div>\n\t\t\t\t\t\t\t\t\t\t\t<div class=\"elementor-gallery-item__overlay\"><\/div>\n\t\t\t\t\t\t\t\t\t\t\t\t\t\t<\/a>\n\t\t\t\t\t\t\t<a class=\"e-gallery-item elementor-gallery-item elementor-animated-content\" href=\"https:\/\/www.cedem.me\/wp-content\/uploads\/2021\/05\/image1.jpg\" data-elementor-open-lightbox=\"yes\" data-elementor-lightbox-slideshow=\"c3382c7\" data-elementor-lightbox-title=\"image1\" data-e-action-hash=\"#elementor-action%3Aaction%3Dlightbox%26settings%3DeyJpZCI6NjU1OSwidXJsIjoiaHR0cHM6XC9cL3d3dy5jZWRlbS5tZVwvd3AtY29udGVudFwvdXBsb2Fkc1wvMjAyMVwvMDVcL2ltYWdlMS5qcGciLCJzbGlkZXNob3ciOiJjMzM4MmM3In0%3D\">\n\t\t\t\t\t<div class=\"e-gallery-image elementor-gallery-item__image\" data-thumbnail=\"https:\/\/www.cedem.me\/wp-content\/uploads\/2021\/05\/image1.jpg\" data-width=\"800\" data-height=\"533\" aria-label=\"\" role=\"img\" ><\/div>\n\t\t\t\t\t\t\t\t\t\t\t<div class=\"elementor-gallery-item__overlay\"><\/div>\n\t\t\t\t\t\t\t\t\t\t\t\t\t\t<\/a>\n\t\t\t\t\t\t\t<a class=\"e-gallery-item elementor-gallery-item elementor-animated-content\" href=\"https:\/\/www.cedem.me\/wp-content\/uploads\/2021\/05\/image2-1.jpg\" data-elementor-open-lightbox=\"yes\" data-elementor-lightbox-slideshow=\"c3382c7\" data-elementor-lightbox-title=\"image2\" data-e-action-hash=\"#elementor-action%3Aaction%3Dlightbox%26settings%3DeyJpZCI6NjU2MCwidXJsIjoiaHR0cHM6XC9cL3d3dy5jZWRlbS5tZVwvd3AtY29udGVudFwvdXBsb2Fkc1wvMjAyMVwvMDVcL2ltYWdlMi0xLmpwZyIsInNsaWRlc2hvdyI6ImMzMzgyYzcifQ%3D%3D\">\n\t\t\t\t\t<div class=\"e-gallery-image elementor-gallery-item__image\" data-thumbnail=\"https:\/\/www.cedem.me\/wp-content\/uploads\/2021\/05\/image2-1.jpg\" data-width=\"800\" data-height=\"533\" aria-label=\"\" role=\"img\" ><\/div>\n\t\t\t\t\t\t\t\t\t\t\t<div class=\"elementor-gallery-item__overlay\"><\/div>\n\t\t\t\t\t\t\t\t\t\t\t\t\t\t<\/a>\n\t\t\t\t\t\t\t<a class=\"e-gallery-item elementor-gallery-item elementor-animated-content\" href=\"https:\/\/www.cedem.me\/wp-content\/uploads\/2021\/05\/image3-1.jpg\" data-elementor-open-lightbox=\"yes\" data-elementor-lightbox-slideshow=\"c3382c7\" data-elementor-lightbox-title=\"image3\" data-e-action-hash=\"#elementor-action%3Aaction%3Dlightbox%26settings%3DeyJpZCI6NjU2MSwidXJsIjoiaHR0cHM6XC9cL3d3dy5jZWRlbS5tZVwvd3AtY29udGVudFwvdXBsb2Fkc1wvMjAyMVwvMDVcL2ltYWdlMy0xLmpwZyIsInNsaWRlc2hvdyI6ImMzMzgyYzcifQ%3D%3D\">\n\t\t\t\t\t<div class=\"e-gallery-image elementor-gallery-item__image\" data-thumbnail=\"https:\/\/www.cedem.me\/wp-content\/uploads\/2021\/05\/image3-1.jpg\" data-width=\"800\" data-height=\"533\" aria-label=\"\" role=\"img\" ><\/div>\n\t\t\t\t\t\t\t\t\t\t\t<div class=\"elementor-gallery-item__overlay\"><\/div>\n\t\t\t\t\t\t\t\t\t\t\t\t\t\t<\/a>\n\t\t\t\t\t\t\t<a class=\"e-gallery-item elementor-gallery-item elementor-animated-content\" href=\"https:\/\/www.cedem.me\/wp-content\/uploads\/2021\/05\/image5-1.jpg\" data-elementor-open-lightbox=\"yes\" data-elementor-lightbox-slideshow=\"c3382c7\" data-elementor-lightbox-title=\"image5\" data-e-action-hash=\"#elementor-action%3Aaction%3Dlightbox%26settings%3DeyJpZCI6NjU2NCwidXJsIjoiaHR0cHM6XC9cL3d3dy5jZWRlbS5tZVwvd3AtY29udGVudFwvdXBsb2Fkc1wvMjAyMVwvMDVcL2ltYWdlNS0xLmpwZyIsInNsaWRlc2hvdyI6ImMzMzgyYzcifQ%3D%3D\">\n\t\t\t\t\t<div class=\"e-gallery-image elementor-gallery-item__image\" data-thumbnail=\"https:\/\/www.cedem.me\/wp-content\/uploads\/2021\/05\/image5-1.jpg\" data-width=\"800\" data-height=\"533\" aria-label=\"\" role=\"img\" ><\/div>\n\t\t\t\t\t\t\t\t\t\t\t<div class=\"elementor-gallery-item__overlay\"><\/div>\n\t\t\t\t\t\t\t\t\t\t\t\t\t\t<\/a>\n\t\t\t\t\t\t\t<a class=\"e-gallery-item elementor-gallery-item elementor-animated-content\" href=\"https:\/\/www.cedem.me\/wp-content\/uploads\/2021\/05\/image6-1.jpg\" data-elementor-open-lightbox=\"yes\" data-elementor-lightbox-slideshow=\"c3382c7\" data-elementor-lightbox-title=\"image6\" data-e-action-hash=\"#elementor-action%3Aaction%3Dlightbox%26settings%3DeyJpZCI6NjU2NSwidXJsIjoiaHR0cHM6XC9cL3d3dy5jZWRlbS5tZVwvd3AtY29udGVudFwvdXBsb2Fkc1wvMjAyMVwvMDVcL2ltYWdlNi0xLmpwZyIsInNsaWRlc2hvdyI6ImMzMzgyYzcifQ%3D%3D\">\n\t\t\t\t\t<div class=\"e-gallery-image elementor-gallery-item__image\" data-thumbnail=\"https:\/\/www.cedem.me\/wp-content\/uploads\/2021\/05\/image6-1.jpg\" data-width=\"800\" data-height=\"533\" aria-label=\"\" role=\"img\" ><\/div>\n\t\t\t\t\t\t\t\t\t\t\t<div class=\"elementor-gallery-item__overlay\"><\/div>\n\t\t\t\t\t\t\t\t\t\t\t\t\t\t<\/a>\n\t\t\t\t\t<\/div>\n\t\t\t<\/div>\n\t\t\t\t<\/div>\n\t\t\t\t\t<\/div>\n\t\t<\/div>\n\t\t\t\t\t<\/div>\n\t\t<\/section>\n\t\t\t\t<\/div>\n\t\t","protected":false},"excerpt":{"rendered":"<p>Galerija Zavr\u0161na konferencija u okviru projekta: &#8220;Osna\u017eivanje stru\u010dnih kapaciteta za borbu protiv diskriminacije lica sa invaliditetom&#8221; (PR centar, 18.12.2019) Odr\u017eana zavr\u0161na konferencija projekta &#8220;Zauzmimo stav za budu\u0107e perspektive: savez mladih i NATO-a&#8221; (PR Centar, 25.11.2019.)<\/p>\n","protected":false},"author":1,"featured_media":0,"parent":0,"menu_order":0,"comment_status":"closed","ping_status":"closed","template":"template\/full-width-template.php","meta":{"_acf_changed":false,"footnotes":""},"class_list":["post-6534","page","type-page","status-publish","hentry"],"acf":[],"yoast_head":"<!-- This site is optimized with the Yoast SEO plugin v23.9 - https:\/\/yoast.com\/wordpress\/plugins\/seo\/ -->\n<title>Galerija - CEDEM<\/title>\n<meta name=\"robots\" content=\"index, follow, max-snippet:-1, max-image-preview:large, max-video-preview:-1\" \/>\n<link rel=\"canonical\" href=\"https:\/\/www.cedem.me\/en\/galerija\/\" \/>\n<meta property=\"og:locale\" content=\"en_US\" \/>\n<meta property=\"og:type\" content=\"article\" \/>\n<meta property=\"og:title\" content=\"Galerija - CEDEM\" \/>\n<meta property=\"og:description\" content=\"Galerija Zavr\u0161na konferencija u okviru projekta: &#8220;Osna\u017eivanje stru\u010dnih kapaciteta za borbu protiv diskriminacije lica sa invaliditetom&#8221; (PR centar, 18.12.2019) Odr\u017eana zavr\u0161na konferencija projekta &#8220;Zauzmimo stav za budu\u0107e perspektive: savez mladih i NATO-a&#8221; (PR Centar, 25.11.2019.)\" \/>\n<meta property=\"og:url\" content=\"https:\/\/www.cedem.me\/en\/galerija\/\" \/>\n<meta property=\"og:site_name\" content=\"CEDEM\" \/>\n<meta property=\"article:modified_time\" content=\"2021-05-27T12:03:54+00:00\" \/>\n<meta name=\"twitter:card\" content=\"summary_large_image\" \/>\n<script type=\"application\/ld+json\" class=\"yoast-schema-graph\">{\"@context\":\"https:\/\/schema.org\",\"@graph\":[{\"@type\":\"WebPage\",\"@id\":\"https:\/\/www.cedem.me\/en\/galerija\/\",\"url\":\"https:\/\/www.cedem.me\/en\/galerija\/\",\"name\":\"Galerija - CEDEM\",\"isPartOf\":{\"@id\":\"https:\/\/www.cedem.me\/#website\"},\"datePublished\":\"2021-05-24T12:53:38+00:00\",\"dateModified\":\"2021-05-27T12:03:54+00:00\",\"breadcrumb\":{\"@id\":\"https:\/\/www.cedem.me\/en\/galerija\/#breadcrumb\"},\"inLanguage\":\"en-US\",\"potentialAction\":[{\"@type\":\"ReadAction\",\"target\":[\"https:\/\/www.cedem.me\/en\/galerija\/\"]}]},{\"@type\":\"BreadcrumbList\",\"@id\":\"https:\/\/www.cedem.me\/en\/galerija\/#breadcrumb\",\"itemListElement\":[{\"@type\":\"ListItem\",\"position\":1,\"name\":\"Home\",\"item\":\"https:\/\/www.cedem.me\/en\/\"},{\"@type\":\"ListItem\",\"position\":2,\"name\":\"Galerija\"}]},{\"@type\":\"WebSite\",\"@id\":\"https:\/\/www.cedem.me\/#website\",\"url\":\"https:\/\/www.cedem.me\/\",\"name\":\"CEDEM\",\"description\":\"NVO\",\"publisher\":{\"@id\":\"https:\/\/www.cedem.me\/#organization\"},\"potentialAction\":[{\"@type\":\"SearchAction\",\"target\":{\"@type\":\"EntryPoint\",\"urlTemplate\":\"https:\/\/www.cedem.me\/?s={search_term_string}\"},\"query-input\":{\"@type\":\"PropertyValueSpecification\",\"valueRequired\":true,\"valueName\":\"search_term_string\"}}],\"inLanguage\":\"en-US\"},{\"@type\":\"Organization\",\"@id\":\"https:\/\/www.cedem.me\/#organization\",\"name\":\"CEDEM\",\"url\":\"https:\/\/www.cedem.me\/\",\"logo\":{\"@type\":\"ImageObject\",\"inLanguage\":\"en-US\",\"@id\":\"https:\/\/www.cedem.me\/#\/schema\/logo\/image\/\",\"url\":\"https:\/\/www.cedem.me\/wp-content\/uploads\/2022\/08\/CEDEM-logo-color-e1677500681828.png\",\"contentUrl\":\"https:\/\/www.cedem.me\/wp-content\/uploads\/2022\/08\/CEDEM-logo-color-e1677500681828.png\",\"width\":2000,\"height\":741,\"caption\":\"CEDEM\"},\"image\":{\"@id\":\"https:\/\/www.cedem.me\/#\/schema\/logo\/image\/\"}}]}<\/script>\n<!-- \/ Yoast SEO plugin. -->","yoast_head_json":{"title":"Galerija - CEDEM","robots":{"index":"index","follow":"follow","max-snippet":"max-snippet:-1","max-image-preview":"max-image-preview:large","max-video-preview":"max-video-preview:-1"},"canonical":"https:\/\/www.cedem.me\/en\/galerija\/","og_locale":"en_US","og_type":"article","og_title":"Galerija - CEDEM","og_description":"Galerija Zavr\u0161na konferencija u okviru projekta: &#8220;Osna\u017eivanje stru\u010dnih kapaciteta za borbu protiv diskriminacije lica sa invaliditetom&#8221; (PR centar, 18.12.2019) Odr\u017eana zavr\u0161na konferencija projekta &#8220;Zauzmimo stav za budu\u0107e perspektive: savez mladih i NATO-a&#8221; (PR Centar, 25.11.2019.)","og_url":"https:\/\/www.cedem.me\/en\/galerija\/","og_site_name":"CEDEM","article_modified_time":"2021-05-27T12:03:54+00:00","twitter_card":"summary_large_image","schema":{"@context":"https:\/\/schema.org","@graph":[{"@type":"WebPage","@id":"https:\/\/www.cedem.me\/en\/galerija\/","url":"https:\/\/www.cedem.me\/en\/galerija\/","name":"Galerija - CEDEM","isPartOf":{"@id":"https:\/\/www.cedem.me\/#website"},"datePublished":"2021-05-24T12:53:38+00:00","dateModified":"2021-05-27T12:03:54+00:00","breadcrumb":{"@id":"https:\/\/www.cedem.me\/en\/galerija\/#breadcrumb"},"inLanguage":"en-US","potentialAction":[{"@type":"ReadAction","target":["https:\/\/www.cedem.me\/en\/galerija\/"]}]},{"@type":"BreadcrumbList","@id":"https:\/\/www.cedem.me\/en\/galerija\/#breadcrumb","itemListElement":[{"@type":"ListItem","position":1,"name":"Home","item":"https:\/\/www.cedem.me\/en\/"},{"@type":"ListItem","position":2,"name":"Galerija"}]},{"@type":"WebSite","@id":"https:\/\/www.cedem.me\/#website","url":"https:\/\/www.cedem.me\/","name":"CEDEM","description":"NVO","publisher":{"@id":"https:\/\/www.cedem.me\/#organization"},"potentialAction":[{"@type":"SearchAction","target":{"@type":"EntryPoint","urlTemplate":"https:\/\/www.cedem.me\/?s={search_term_string}"},"query-input":{"@type":"PropertyValueSpecification","valueRequired":true,"valueName":"search_term_string"}}],"inLanguage":"en-US"},{"@type":"Organization","@id":"https:\/\/www.cedem.me\/#organization","name":"CEDEM","url":"https:\/\/www.cedem.me\/","logo":{"@type":"ImageObject","inLanguage":"en-US","@id":"https:\/\/www.cedem.me\/#\/schema\/logo\/image\/","url":"https:\/\/www.cedem.me\/wp-content\/uploads\/2022\/08\/CEDEM-logo-color-e1677500681828.png","contentUrl":"https:\/\/www.cedem.me\/wp-content\/uploads\/2022\/08\/CEDEM-logo-color-e1677500681828.png","width":2000,"height":741,"caption":"CEDEM"},"image":{"@id":"https:\/\/www.cedem.me\/#\/schema\/logo\/image\/"}}]}},"_links":{"self":[{"href":"https:\/\/www.cedem.me\/en\/wp-json\/wp\/v2\/pages\/6534","targetHints":{"allow":["GET"]}}],"collection":[{"href":"https:\/\/www.cedem.me\/en\/wp-json\/wp\/v2\/pages"}],"about":[{"href":"https:\/\/www.cedem.me\/en\/wp-json\/wp\/v2\/types\/page"}],"author":[{"embeddable":true,"href":"https:\/\/www.cedem.me\/en\/wp-json\/wp\/v2\/users\/1"}],"replies":[{"embeddable":true,"href":"https:\/\/www.cedem.me\/en\/wp-json\/wp\/v2\/comments?post=6534"}],"version-history":[{"count":25,"href":"https:\/\/www.cedem.me\/en\/wp-json\/wp\/v2\/pages\/6534\/revisions"}],"predecessor-version":[{"id":7040,"href":"https:\/\/www.cedem.me\/en\/wp-json\/wp\/v2\/pages\/6534\/revisions\/7040"}],"wp:attachment":[{"href":"https:\/\/www.cedem.me\/en\/wp-json\/wp\/v2\/media?parent=6534"}],"curies":[{"name":"wp","href":"https:\/\/api.w.org\/{rel}","templated":true}]}}